{"id":16,"date":"2014-04-30T09:54:18","date_gmt":"2014-04-30T09:54:18","guid":{"rendered":"http:\/\/labwakim.edgineers.net\/?page_id=16"},"modified":"2014-10-09T09:42:25","modified_gmt":"2014-10-09T09:42:25","slug":"imagerie-medical","status":"publish","type":"page","link":"https:\/\/centremedicalwakim.com\/?page_id=16","title":{"rendered":"IMAGERIE MEDICALE"},"content":{"rendered":"<h4 class=\"cursorclass\" data-toggle=\"collapse\" data-target=\"#content1\"><strong>RADIOLOGIE CONVENTIONNELLE<\/strong><\/h4>\n<div id=\"content1\" class=\"collapse\">\n<p>&nbsp;<\/p>\n<ul>\n<li><span style=\"text-decoration: underline;\"><strong>Principe de l&#8217;examen<br \/><\/strong><\/span><\/li>\n<\/ul>\n<p>&nbsp;<\/p>\n<p>La radiologie <strong>num\u00e9rique <\/strong>est utilis\u00e9e pour d\u00e9tecter des fractures osseuses ou d\u2019autres anomalies dans le corps.<\/p>\n<p><strong>ATTENTION: N\u2019oubliez pas de signaler \u00e0 la secr\u00e9taire, \u00e0 la manipulatrice ou au radiologue si vous \u00eates enceinte ou si vous avez un retard de r\u00e8gles.<\/strong><\/p>\n<p>&nbsp;<\/p>\n<ul>\n<li><span style=\"text-decoration: underline;\"><strong>Examens Effectu\u00e9s<\/strong><\/span><\/li>\n<\/ul>\n<p><span class=\"greentext\"><br \/> <strong><span style=\"text-decoration: underline;\">\u2022 Les examens sans pr\u00e9paration \u2013 Radiographies et t\u00e9l\u00e9radiographies (sans rendez-vous)<\/span><\/strong><br \/> <\/span><\/p>\n<p>&nbsp;<\/p>\n<ul>\n<li><strong>Radiographie de l\u2019abdomen sans pr\u00e9paration<\/strong><\/li>\n<li><strong>Radiographie des poumons<\/strong><\/li>\n<li><strong>Radiographies des os, des articulations et du rachis<\/strong><\/li>\n<li><strong>T\u00e9l\u00e9radiographies des membres inf\u00e9rieurs ou du rachis (scoliose et goniom\u00e9trie)<\/strong><\/li>\n<\/ul>\n<p>&nbsp;<\/p>\n<p><span class=\"greentext\"><strong><span style=\"text-decoration: underline;\">\u2022 Les examens avec pr\u00e9paration (prendre rendez-vous)<\/span><\/strong><\/span><\/p>\n<p>&nbsp;<\/p>\n<ul>\n<li><strong>Explorations de l\u2019appareil digestif (TOGD, Lavement baryt\u00e9, Transit du gr\u00eale)<\/strong><\/li>\n<li><strong>Arthrographies<\/strong><\/li>\n<li><strong>Infiltrations<\/strong><\/li>\n<li><strong>Hyst\u00e9ro-salpingographie<\/strong><\/li>\n<li><strong>Urographie Intraveineuse (UIV)<\/strong><\/li>\n<li><strong>Cystrographie r\u00e9trograde<\/strong><\/li>\n<\/ul>\n<p>&nbsp;<\/p>\n<ul>\n<li><span style=\"text-decoration: underline;\"><strong>Pendant le test<\/strong><\/span><\/li>\n<\/ul>\n<p>&nbsp;<\/p>\n<p>Vous devrez \u00e9viter de porter des bijoux ou des v\u00eatements avec des objets m\u00e9talliques. Au cours d\u2019une radiographie, il vous sera demand\u00e9 de rester immobile. Le processus Rayon-X est rapide et ne dure que quelques secondes \u00e0 quelques minutes selon le nombre d\u2019images requises.<\/p>\n<p>&nbsp;<\/p>\n<ul>\n<li><span style=\"text-decoration: underline;\"><strong>R\u00e9sultats<\/strong><\/span><\/li>\n<\/ul>\n<p>&nbsp;<\/p>\n<p>Les r\u00e9sultats de radiologie sont rendus apr\u00e8s <strong>24 heures<\/strong>.<\/p>\n<p>&nbsp;<\/p>\n<ul>\n<li><span style=\"text-decoration: underline;\"><strong><a href=\"http:\/\/centremedicalwakim.com\/?page_id=18\">Formalit\u00e9s administratives<\/a><\/strong><\/span><\/li>\n<\/ul>\n<p>&nbsp;<\/p>\n<\/div>\n<h4 class=\"cursorclass\" data-toggle=\"collapse\" data-target=\"#content2\"><strong>IRM 1.5 Tesla<\/strong><\/h4>\n<div id=\"content2\" class=\"collapse\">\n<p>&nbsp;<\/p>\n<ul>\n<li><span style=\"text-decoration: underline;\"><strong>Principe de l\u2019examen<\/strong><\/span><\/li>\n<\/ul>\n<p>&nbsp;<\/p>\n<p><strong>IRM = Imagerie par R\u00e9sonance Magn\u00e9tique<\/strong><\/p>\n<p>L\u2019IRM est une technique d\u2019imagerie bas\u00e9e sur l\u2019\u00e9tude des protons de l\u2019hydrog\u00e8ne du corps humain lorsqu\u2019il est soumis \u00e0 un champ magn\u00e9tique. Il permet la r\u00e9alisation d\u2019images du corps humain dans tous les plans de l\u2019espace. C\u2019est un examen<strong> sans irradiation et sans aucun danger.<\/strong><\/p>\n<p>&nbsp;<\/p>\n<ul>\n<li><span style=\"text-decoration: underline;\"><strong>Examens effectu\u00e9s<\/strong><\/span><\/li>\n<\/ul>\n<p>&nbsp;<\/p>\n<p>Il est vivement conseill\u00e9 de <span class=\"greentext\">prendre un rendez-vous<\/span> pour une IRM <a href=\"http:\/\/centremedicalwakim.com\/?page_id=14\">(contactez-nous)<\/a><br \/> <span class=\"greentext\"><br \/> <span style=\"text-decoration: underline;\"><strong>Les IRM sans pr\u00e9paration<\/strong><\/span><br \/> <\/span><\/p>\n<ul>\n<li><strong>IRM du syst\u00e8me nerveux (c\u00e9r\u00e9brale, angio-c\u00e9r\u00e9brale, orbites\u2026)<\/strong><\/li>\n<li><strong>IRM mammaire<\/strong><\/li>\n<li><strong>IRM de la colonne vert\u00e9brale (cervicale, dorsale, lombaire)<\/strong><\/li>\n<li><strong>IRM ost\u00e9o-articulaire (main, poignet, genou\u2026)<\/strong><\/li>\n<li><strong>Angio-IRM carotide, membres inf\u00e9rieurs et sup\u00e9rieurs<\/strong><\/li>\n<li><strong>Arthro-IRM et infiltrations articulaires<\/strong><\/li>\n<\/ul>\n<p><strong>\u00a0<\/strong><br \/> <span class=\"greentext\"><br \/> <span style=\"text-decoration: underline;\"><strong>Les IRM \u00e0 jeun<\/strong><\/span><br \/> <\/span><\/p>\n<ul>\n<li><strong>IRM et angio-IRM digestive (abdominale, pancr\u00e9atique, h\u00e9patique, r\u00e9nale\u2026)<\/strong><\/li>\n<li><strong>IRM pelvienne (prostatique, ovarienne\u2026)<\/strong><\/li>\n<\/ul>\n<p>\u00c9vitez de porter des bijoux (montres, cha\u00eenes, boucles d\u2019oreilles, piercing) et pr\u00e9voyez d\u2019enlever vos verres de contact (en cas d\u2019IRM c\u00e9r\u00e9brale).<\/p>\n<p>&nbsp;<\/p>\n<ul>\n<li><span style=\"text-decoration: underline;\"><strong>Pendant le test<\/strong><\/span><\/li>\n<\/ul>\n<p>&nbsp;<\/p>\n<p>Selon l\u2019IRM, vous devrez enlever vos v\u00eatements et une robe de papier pour l&#8217;examen vous sera fournie. Vous serez conduit dans la salle IRM ou vous serez confortablement allong\u00e9 sur un lit qui se d\u00e9placera lentement dans un tr\u00e8s large anneau ouvert \u00e0 chacune des ses extr\u00e9mit\u00e9s. Pour la majorit\u00e9 des examens, vous pourrez \u00eatre install\u00e9 les pieds en premier, r\u00e9duisant la sensation de claustrophobie. Le temps d&#8217;essai peut varier entre <strong>15-90 minutes.<\/strong> \u00a0Pendant l&#8217;examen, vous ne rencontrerez aucune douleur.<\/p>\n<p>Dans certains cas, un produit de contraste vous sera inject\u00e9 par voie IV pour am\u00e9liorer le diagnostic.<\/p>\n<p>&nbsp;<\/p>\n<ul>\n<li><span style=\"text-decoration: underline;\"><strong>Apr\u00e8s le test<\/strong><\/span><\/li>\n<\/ul>\n<p>&nbsp;<\/p>\n<p>Une fois le test termin\u00e9, il n&#8217;y a pas de sensations de douleur. Vous pourrez reprendre vos activit\u00e9s normales lorsque le test est termin\u00e9.<\/p>\n<p>&nbsp;<\/p>\n<ul>\n<li><span style=\"text-decoration: underline;\"><strong>R\u00e9sultats<\/strong><\/span><\/li>\n<\/ul>\n<p>&nbsp;<\/p>\n<p>Les r\u00e9sultats des IRM sont rendus apr\u00e8s <strong>48 heures<\/strong>.<\/p>\n<p>&nbsp;<\/p>\n<ul>\n<ul>\n<li><strong><a href=\"http:\/\/centremedicalwakim.com\/?page_id=18\">Les formalit\u00e9s administratives <\/a><\/strong><\/li>\n<\/ul>\n<\/ul>\n<p>&nbsp;<\/p>\n<\/div>\n<h4 class=\"cursorclass\" data-toggle=\"collapse\" data-target=\"#content3\"><strong>ECHOGRAPHIE<\/strong><\/h4>\n<div id=\"content3\" class=\"collapse\">\n<p>&nbsp;<\/p>\n<ul>\n<li><strong><span style=\"text-decoration: underline;\">Principe de l\u2019examen<\/span><\/strong><\/li>\n<\/ul>\n<p>&nbsp;<\/p>\n<p>L\u2019\u00e9chographie repose sur l\u2019utilisation des ultrasons. C\u2019est un examen sans irradiation et sans aucun danger. Les \u00e9chographes produisent plusieurs images par seconde, ce qui permet de faire un examen \u00ab temps r\u00e9el \u00bb : on voit bouger les structures anatomiques.<\/p>\n<p>L\u2019\u00e9chographie-doppler permet, en outre, une \u00e9tude d\u00e9taill\u00e9e des vaisseaux (veines, art\u00e8res), ainsi que de la vascularisation des tissus.<\/p>\n<p>Cet examen est effectu\u00e9 par<strong>le m\u00e9decin-radiologue.<\/strong><\/p>\n<p>Il n\u2019y a<strong> aucune contre-indication \u00e0 cet examen.<\/strong><\/p>\n<p>&nbsp;<\/p>\n<ul>\n<li><strong><span style=\"text-decoration: underline;\">Examens effectu\u00e9s<\/span><\/strong><\/li>\n<\/ul>\n<p>&nbsp;<\/p>\n<p>Il est conseill\u00e9 de\u00a0<strong>prendre un rendez-vous pour une \u00e9chographie (<em>contactez-nous<\/em>)<\/strong><br \/> <span class=\"greentext\"><br \/> <span style=\"text-decoration: underline;\"><strong>Les \u00e9chographies \u00e0 jeun<\/strong><\/span><br \/> <\/span><\/p>\n<ul>\n<li><strong>Echographie du syst\u00e8me digestif (abdominale, h\u00e9patique, v\u00e9sicule biliaire, pancr\u00e9atique)<\/strong><\/li>\n<li><strong>Echographie-Doppler r\u00e9nale<\/strong><\/li>\n<li><strong>Echographie-Doppler aorte abdominale<\/strong><\/li>\n<\/ul>\n<p><span class=\"greentext\"><br \/> <span style=\"text-decoration: underline;\"><strong>Les \u00e9chographies avec vessie pleine<\/strong><\/span><br \/> <\/span><\/p>\n<ul>\n<li><strong>Echographie du syst\u00e8me urinaire (prostatique, pelvienne)<\/strong><\/li>\n<\/ul>\n<p>&nbsp;<\/p>\n<p><span style=\"text-decoration: underline;\"><strong><span class=\"greentext\">Les \u00e9chographies avec vessie vide<br \/><\/span><\/strong><\/span><\/p>\n<ul>\n<li><strong>Echographie endo-vaginale et endo-rectale<\/strong><\/li>\n<\/ul>\n<p><span class=\"greentext\"><br \/> <span style=\"text-decoration: underline;\"><strong>Les \u00e9chographies sans pr\u00e9paration<\/strong><\/span><br \/> <\/span><\/p>\n<ul>\n<li><strong>Echographie thyro\u00efdienne<\/strong><\/li>\n<li><strong>Echographie-Doppler (membres inf\u00e9rieurs, carotides\u2026 )<\/strong><\/li>\n<li><strong>Echographie-Doppler cardiaque<\/strong><\/li>\n<li><strong>Echographie ost\u00e9oarticulaire<\/strong><\/li>\n<li><strong>Echographie obst\u00e9tricale et morphologique<\/strong><\/li>\n<li><strong>Echographie obst\u00e9tricale en 3D et 4D<\/strong><\/li>\n<\/ul>\n<p><span class=\"greentext\"><br \/> <span style=\"text-decoration: underline;\"><strong>Les ponctions et biopsies sous \u00e9chographie<\/strong><\/span><br \/> <\/span><\/p>\n<p>Des pr\u00e9l\u00e8vements \u00e9choguid\u00e9s d\u2019une tr\u00e8s grande pr\u00e9cision permettent de r\u00e9aliser gr\u00e2ce au temps r\u00e9el\u00a0:<\/p>\n<ul>\n<li><strong>Une ponction thyroidienne<\/strong><\/li>\n<li><strong>Une biopsie mammaire<\/strong><\/li>\n<\/ul>\n<p>&nbsp;<\/p>\n<ul>\n<li><span style=\"text-decoration: underline;\"><strong>Pendant le test<\/strong><\/span><\/li>\n<\/ul>\n<p>&nbsp;<\/p>\n<p>\u00a0Vous serez allong\u00e9 sur une table d\u2019examen et la sonde, recouverte d\u2019un gel, sera pos\u00e9e directement sur la peau en regard de la structure \u00e0 visualiser.<\/p>\n<p>Le m\u00e9decin radiologue vous donnera le plus souvent un premier r\u00e9sultat oralement. Puis, apr\u00e8s analyse et interpr\u00e9tation d\u00e9taill\u00e9e des images, un compte rendu \u00e9crit vous sera remis avec une s\u00e9lection des images de l\u2019examen.<\/p>\n<p>&nbsp;<\/p>\n<ul>\n<li><span style=\"text-decoration: underline;\"><strong>Apr\u00e8s le test<\/strong><\/span><\/li>\n<\/ul>\n<p>&nbsp;<\/p>\n<p>Une fois le test termin\u00e9, vous \u00eates en mesure de retourner \u00e0 vos activit\u00e9s normales.<\/p>\n<p>&nbsp;<\/p>\n<ul>\n<li><span style=\"text-decoration: underline;\"><strong>R\u00e9sultats<\/strong><\/span><\/li>\n<\/ul>\n<p>&nbsp;<\/p>\n<p>Les r\u00e9sultats des \u00e9chographies sont rendus apr\u00e8s <strong>24 heures<\/strong>.<\/p>\n<p>&nbsp;<\/p>\n<ul>\n<li><span style=\"text-decoration: underline;\"><a href=\"http:\/\/centremedicalwakim.com\/?page_id=18\"><strong>Les formalit\u00e9s administratives\u00a0<\/strong><\/a><\/span><\/li>\n<\/ul>\n<p>&nbsp;<\/p>\n<\/div>\n<h4 class=\"cursorclass\" data-toggle=\"collapse\" data-target=\"#content4\"><strong>CT-SCANNER<\/strong><\/h4>\n<div id=\"content4\" class=\"collapse\">\n<ul>\n<li><span style=\"text-decoration: underline;\"><strong>Principe de l\u2019examen<\/strong><\/span><\/li>\n<\/ul>\n<p><strong>\u00a0<\/strong><\/p>\n<p>Le CT-SCAN est une technique d&#8217;imagerie m\u00e9dicale num\u00e9ris\u00e9e qui utilise une source de Rayons X tournant autour du patient. L\u2019ordinateur num\u00e9rique permet de reconstruire des images <a href=\"http:\/\/fr.wikipedia.org\/wiki\/2D\">2D<\/a> ou <a href=\"http:\/\/fr.wikipedia.org\/wiki\/3D\">3D<\/a> des diff\u00e9rentes parties du corps.<\/p>\n<p>Le CT SCAN permet de mettre en \u00e9vidence des anomalies qui ne sont pas visibles avec d\u2019autres techniques d\u2019imagerie.<\/p>\n<p>&nbsp;<\/p>\n<ul>\n<li><span style=\"text-decoration: underline;\"><strong>Examens Effectu\u00e9s<\/strong><\/span><\/li>\n<\/ul>\n<p>&nbsp;<\/p>\n<p>Il est conseill\u00e9 deprendre un rendez-vouspour un CT SCAN. <a href=\"http:\/\/centremedicalwakim.com\/?page_id=14\"><strong>(<em>contactez-nous<\/em>)<\/strong><\/a><\/p>\n<p>Lorsque les renseignements cliniques l\u2019exigent, l\u2019examen peut-\u00eatre r\u00e9alis\u00e9 avec l\u2019injection d\u2019un produit de contraste intraveineux \u00e0 base d\u2019iode.<br \/> <span class=\"greentext\"><br \/> <span style=\"text-decoration: underline;\"><strong>Les CT SCAN avec injection<\/strong><\/span><br \/> <\/span><\/p>\n<p>Les CT SCAN avec injection n\u00e9cessitent d\u2019\u00eatre <strong>\u00e0 jeun<\/strong> et un dosage de la <strong>cr\u00e9atinine sanguine<\/strong> datant de moins de un mois.<\/p>\n<p>&nbsp;<\/p>\n<ul>\n<li><strong>CT SCAN du syst\u00e8me digestif (abdominale, h\u00e9patique, v\u00e9sicule biliaire, pancr\u00e9atique\u2026)<\/strong><\/li>\n<li><strong>CT SCAN de l\u2019appareil urinaire (Uroscan, pelvien) <\/strong><\/li>\n<li><strong>CT SCAN thoracique<\/strong><\/li>\n<li><strong>CT SCAN c\u00e9r\u00e9bral<\/strong><\/li>\n<li><strong>CT SCAN du cou<\/strong><\/li>\n<li><strong>ANGIO-SCAN (Angio-Aorte-Abdominal, Angio-R\u00e9nal, Angio-c\u00e9r\u00e9bral, Angio-carotide, Angio-thoraco-abdomino-pelvien\u2026)<\/strong><\/li>\n<\/ul>\n<p><strong>\u00a0<\/strong><\/p>\n<p><span class=\"greentext\"><br \/> <span style=\"text-decoration: underline;\"><strong>Les CT SCAN sans injection<\/strong><\/span><br \/> <\/span><\/p>\n<ul>\n<li><strong>CT SCAN c\u00e9r\u00e9bral (trauma)<\/strong><\/li>\n<li><strong>CT SCAN sinus<\/strong><\/li>\n<li><strong>CT SCAN articulaire ou osseux<\/strong><\/li>\n<li><strong>ARTHROSCAN<\/strong><\/li>\n<\/ul>\n<p>&nbsp;<\/p>\n<ul>\n<li><span style=\"text-decoration: underline;\"><strong>Pendant le test<\/strong><\/span><\/li>\n<\/ul>\n<p>&nbsp;<\/p>\n<p>Le temps d&#8217;essai peut varier entre <strong>10-30 minutes.<\/strong><\/p>\n<p>Pendant l&#8217;examen, vous ne rencontrerez <strong>aucune douleur<\/strong>.<\/p>\n<p>Dans certains cas, un produit de contraste vous sera inject\u00e9 par voie IV pour am\u00e9liorer le diagnostic.<\/p>\n<p>&nbsp;<\/p>\n<ul>\n<li><span style=\"text-decoration: underline;\"><strong>Apr\u00e8s le test<\/strong><\/span><\/li>\n<\/ul>\n<p>&nbsp;<\/p>\n<p>Une fois le test termin\u00e9, vous \u00eates en mesure de retourner \u00e0 vos activit\u00e9s normales.<\/p>\n<p>&nbsp;<\/p>\n<ul>\n<li><span style=\"text-decoration: underline;\"><strong>R\u00e9sultats<\/strong><\/span><\/li>\n<\/ul>\n<p>&nbsp;<\/p>\n<p>Les r\u00e9sultats des CT SCANNER sont rendus apr\u00e8s <strong>48 heures<\/strong>.<\/p>\n<p>&nbsp;<\/p>\n<ul>\n<li><span style=\"text-decoration: underline;\"><strong>Les formalit\u00e9s administratives<\/strong><\/span><\/li>\n<\/ul>\n<p>&nbsp;<\/p>\n<\/div>\n<h4 class=\"cursorclass\" data-toggle=\"collapse\" data-target=\"#content5\"><strong>OSTEODENSITOMETRIE<\/strong><\/h4>\n<div id=\"content5\" class=\"collapse\">\n<ul>\n<li><span style=\"text-decoration: underline;\"><strong>Principe de l\u2019examen<\/strong><\/span><\/li>\n<\/ul>\n<p><strong>\u00a0<\/strong><\/p>\n<p>L\u2019ost\u00e9odensitom\u00e9trie est un examen m\u00e9dical qui permet de mesurer la densit\u00e9 min\u00e9rale osseuse (DMO). Il permet d\u2019analyser le risque de fracture ost\u00e9oporotique.<\/p>\n<p>&nbsp;<\/p>\n<ul>\n<li><span style=\"text-decoration: underline;\"><strong>Avant le test<\/strong><\/span><\/li>\n<\/ul>\n<p>Il est conseill\u00e9 de\u00a0<strong>prendre un rendez-vous\u00a0<\/strong>pour une ost\u00e9odensitom\u00e9trie. <a href=\"http:\/\/centremedicalwakim.com\/?page_id=14\"><strong>(<em>contactez-nous<\/em>)<\/strong><\/a><\/p>\n<p>Il faut \u00e9viter la prise de calcium 48 heures avant l\u2019examen.<\/p>\n<p>&nbsp;<\/p>\n<ul>\n<li><span style=\"text-decoration: underline;\"><strong>Pendant le test<\/strong><\/span><\/li>\n<\/ul>\n<p>Le temps d&#8217;essai est de <strong>10 minutes.<\/strong><\/p>\n<p>Pendant l&#8217;examen, vous ne rencontrerez <strong>aucune douleur<\/strong>.<\/p>\n<p>&nbsp;<\/p>\n<ul>\n<li><span style=\"text-decoration: underline;\"><strong>Apr\u00e8s le test<\/strong><\/span><\/li>\n<\/ul>\n<p>Une fois le test termin\u00e9, vous \u00eates en mesure de retourner \u00e0 vos activit\u00e9s normales.<\/p>\n<p>&nbsp;<\/p>\n<ul>\n<li><span style=\"text-decoration: underline;\"><strong>R\u00e9sultats<\/strong><\/span><\/li>\n<\/ul>\n<p>Les r\u00e9sultats d\u2019ost\u00e9odensitom\u00e9trie sont rendus apr\u00e8s <strong>48 heures<\/strong>.<\/p>\n<p>&nbsp;<\/p>\n<ul>\n<li><span style=\"text-decoration: underline;\"><a href=\"http:\/\/centremedicalwakim.com\/?page_id=18\"><strong>Les formalit\u00e9s administratives\u00a0<\/strong><\/a><\/span><\/li>\n<\/ul>\n<p>&nbsp;<\/p>\n<\/div>\n<h4 class=\"cursorclass\" data-toggle=\"collapse\" data-target=\"#content6\"><strong>CBCT ET PANORAMIQUE DENTAIRE<\/strong><\/h4>\n<div id=\"content6\" class=\"collapse\">\n<ul>\n<li><span style=\"text-decoration: underline;\"><strong>Principe de l\u2019examen<\/strong><\/span><\/li>\n<\/ul>\n<p><strong>\u00a0<\/strong><\/p>\n<p><span style=\"text-decoration: underline;\"><strong>Panoramique et t\u00e9l\u00e9radiographie dentaire: <\/strong><\/span>Elles permettent de conna\u00eetre l\u2019emplacement exact des dents et leur d\u00e9veloppement mais aussi d\u2019\u00e9valuer la perte osseuse et l\u2019\u00e9tat des gencives.<\/p>\n<p><strong>\u00a0<\/strong><\/p>\n<p><span style=\"text-decoration: underline;\"><strong>CBCT<\/strong><\/span><\/p>\n<p><strong>(Cone beam computed tomography)<\/strong> est une nouvelle technique de radiographie num\u00e9ris\u00e9e qui utilise un faisceau d\u2019irradiation de forme conique. De ce fait, elle est beaucoup moins irradiante qu\u2019un scanner dentaire classique. Elle permet la reconstitution num\u00e9rique en 3D de la dentition, des sinus et de l\u2019ossature maxillo-faciale.<\/p>\n<p>&nbsp;<\/p>\n<p><strong>Le CBCT <\/strong>est utilis\u00e9e pour<strong> la m\u00e9decine dentaire<\/strong>, l\u2019orthodontie, l&#8217;implantologie, la chirurgie buccale ainsi que la chirurgie maxillo-faciale et ORL.<\/p>\n<p>\u00a0Cet examen permet d\u2019identifier des infections, des fractures, des kystes, des l\u00e9sions osseuses, des f\u00ealures de la racine des dents, voire des corps \u00e9trangers.<\/p>\n<p>&nbsp;<\/p>\n<ul>\n<li><span style=\"text-decoration: underline;\"><strong>Pendant le test<\/strong><\/span><\/li>\n<\/ul>\n<p>Pendant la prise du clich\u00e9, vous devez rester <strong>immobile pendant 10 \u00e0 20 secondes<\/strong>.<\/p>\n<p>Au cours de l&#8217;examen, vous ne rencontrerez <strong>aucune douleur<\/strong>.<\/p>\n<p>&nbsp;<\/p>\n<ul>\n<li><span style=\"text-decoration: underline;\"><strong>Apr\u00e8s le test<\/strong><\/span><\/li>\n<\/ul>\n<p>Une fois le test termin\u00e9, vous \u00eates en mesure de retourner \u00e0 vos activit\u00e9s normales.<\/p>\n<p>&nbsp;<\/p>\n<ul>\n<li><span style=\"text-decoration: underline;\"><strong>R\u00e9sultats<\/strong><\/span><\/li>\n<\/ul>\n<p>Les r\u00e9sultats sont rendus <strong>imm\u00e9diatement<\/strong>.<\/p>\n<p>&nbsp;<\/p>\n<\/div>\n<h4 class=\"cursorclass\" data-toggle=\"collapse\" data-target=\"#content7\"><strong>MAMMOGRAPHIE \u2013 ECHOGRAPHIE MAMMAIRE<\/strong><\/h4>\n<div id=\"content7\" class=\"collapse\">\n<p><span style=\"text-decoration: underline;\"><strong>Principe de l\u2019examen<\/strong><\/span><\/p>\n<p>La mammographie est une technique de radiographie adapt\u00e9e sp\u00e9cifiquement \u00e0 l\u2019\u00e9tude des seins. Elle utilise des Rayons X. Prescrite \u00e0 intervalle r\u00e9gulier, elle sert \u00e0 d\u00e9pister les cancers du sein.<\/p>\n<p>Dans certains cas, le radiologue compl\u00e9tera l\u2019examen par une \u00e9chographie mammaire. Cette technique utilise des ultrasons pour produire des images de l\u2019int\u00e9rieur du sein. Elle permet de voir la nature liquide ou solide des nodules d\u00e9couverts sur la mammographie. Elle est indolore.<\/p>\n<p>&nbsp;<\/p>\n<p><span style=\"text-decoration: underline;\"><strong>\u2022 Avant l\u2019examen<\/strong><\/span><\/p>\n<p>N\u2019oubliez pas de signaler \u00e0 la secr\u00e9taire, \u00e0 la manipulatrice ou au radiologue si vous \u00eates enceinte, des pr\u00e9cautions seront prises syst\u00e9matiquement.<br \/> Il est conseill\u00e9 de prendre rendez-vous dans la p\u00e9riode des 3 \u00e0 10 jours apr\u00e8s les r\u00e8gles (cela n\u2019est pas obligatoire).<\/p>\n<p>Veuillez apporter avec vous vos anciens r\u00e9sultats de mammo-echo s\u2019ils n\u2019ont pas \u00e9t\u00e9 effectu\u00e9s chez nous.<\/p>\n<p>&nbsp;<\/p>\n<p><span style=\"text-decoration: underline;\"><strong>\u2022 Pendant l\u2019examen<\/strong><\/span><\/p>\n<p><span class=\"greentext\">La mammographie<\/span>: l\u2019examen consiste \u00e0 comprimer \u00e0 tour de r\u00f4le les deux seins. La compression est n\u00e9cessaire pour la qualit\u00e9 de l\u2019image et pour une moindre irradiation.<\/span><\/p>\n<p><span class=\"greentext\">L\u2019\u00e9chographie mammaire<\/span>: l\u2019examen sera fait par le radiologue. Il examinera \u00e0 l\u2019aide d\u2019une sonde d\u2019\u00e9chographie tous les secteurs du ou des seins \u00e0 la recherche de ganglions anormaux.><\/p>\n<p>&nbsp;<\/p>\n<p><span style=\"text-decoration: underline;\"><strong>\u2022 Apr\u00e8s l\u2019examen<\/strong><\/p>\n<p>Une fois le test termin\u00e9, vous \u00eates en mesure de retourner \u00e0 vos activit\u00e9s normales.<\/p>\n<p> <span style=\"text-decoration: underline;\"><strong>\u2022 R\u00e9sultats<\/strong><\/span><\/p>\n<p>Les r\u00e9sultats sont rendus apr\u00e8s 48 heures.<\/p>\n<p>&nbsp;<\/p>\n<p><a href=\"http:\/\/centremedicalwakim.com\/?page_id=18\"><span style=\"text-decoration: underline;\"><strong>\u2022 Les formalit\u00e9s administratives<\/strong><\/span><\/a><\/p>\n<\/div>\n","protected":false},"excerpt":{"rendered":"<p>RADIOLOGIE CONVENTIONNELLE &nbsp; Principe de l&#8217;examen &nbsp; La radiologie num\u00e9rique est utilis\u00e9e pour d\u00e9tecter des<a href=\"https:\/\/centremedicalwakim.com\/?page_id=16\"> Read more&#8230;<\/a><\/p>\n","protected":false},"author":1,"featured_media":0,"parent":0,"menu_order":0,"comment_status":"open","ping_status":"open","template":"","meta":{"pagelayer_contact_templates":[],"_pagelayer_content":"","_monsterinsights_skip_tracking":false,"_monsterinsights_sitenote_active":false,"_monsterinsights_sitenote_note":"","_monsterinsights_sitenote_category":0,"footnotes":""},"class_list":["post-16","page","type-page","status-publish","hentry"],"_links":{"self":[{"href":"https:\/\/centremedicalwakim.com\/index.php?rest_route=\/wp\/v2\/pages\/16","targetHints":{"allow":["GET"]}}],"collection":[{"href":"https:\/\/centremedicalwakim.com\/index.php?rest_route=\/wp\/v2\/pages"}],"about":[{"href":"https:\/\/centremedicalwakim.com\/index.php?rest_route=\/wp\/v2\/types\/page"}],"author":[{"embeddable":true,"href":"https:\/\/centremedicalwakim.com\/index.php?rest_route=\/wp\/v2\/users\/1"}],"replies":[{"embeddable":true,"href":"https:\/\/centremedicalwakim.com\/index.php?rest_route=%2Fwp%2Fv2%2Fcomments&post=16"}],"version-history":[{"count":120,"href":"https:\/\/centremedicalwakim.com\/index.php?rest_route=\/wp\/v2\/pages\/16\/revisions"}],"predecessor-version":[{"id":369,"href":"https:\/\/centremedicalwakim.com\/index.php?rest_route=\/wp\/v2\/pages\/16\/revisions\/369"}],"wp:attachment":[{"href":"https:\/\/centremedicalwakim.com\/index.php?rest_route=%2Fwp%2Fv2%2Fmedia&parent=16"}],"curies":[{"name":"wp","href":"https:\/\/api.w.org\/{rel}","templated":true}]}}